{"id":2378,"date":"2020-05-06T09:04:04","date_gmt":"2020-05-06T14:04:04","guid":{"rendered":"http:\/\/www.intelab.com.mx\/?page_id=2378"},"modified":"2020-06-25T19:33:47","modified_gmt":"2020-06-26T00:33:47","slug":"derechos-arco","status":"publish","type":"page","link":"https:\/\/www.intelab.com.mx\/en\/derechos-arco\/","title":{"rendered":"Derechos ARCO"},"content":{"rendered":"<div data-elementor-type=\"wp-post\" data-elementor-id=\"2378\" class=\"elementor elementor-2378\">\n\t\t\t\t\t\t<div class=\"elementor-inner\">\n\t\t\t\t<div class=\"elementor-section-wrap\">\n\t\t\t\t\t\t\t\t\t<section class=\"elementor-section elementor-top-section elementor-element elementor-element-ac88983 elementor-section-full_width elementor-section-height-min-height elementor-section-height-default elementor-section-items-middle\" data-id=\"ac88983\" data-element_type=\"section\" data-settings=\"{&quot;background_background&quot;:&quot;classic&quot;}\">\n\t\t\t\t\t\t<div class=\"elementor-container elementor-column-gap-default\">\n\t\t\t\t\t\t\t<div class=\"elementor-row\">\n\t\t\t\t\t<div class=\"elementor-column elementor-col-100 elementor-top-column elementor-element elementor-element-041a259\" data-id=\"041a259\" data-element_type=\"column\">\n\t\t\t<div class=\"elementor-column-wrap elementor-element-populated\">\n\t\t\t\t\t\t\t<div class=\"elementor-widget-wrap\">\n\t\t\t\t\t\t<div class=\"elementor-element elementor-element-986d2eb elementor-widget elementor-widget-text-editor\" data-id=\"986d2eb\" data-element_type=\"widget\" data-widget_type=\"text-editor.default\">\n\t\t\t\t<div class=\"elementor-widget-container\">\n\t\t\t\t\t\t\t\t<div class=\"elementor-text-editor elementor-clearfix\">\n\t\t\t\t<h1 style=\"text-align: center;\"><strong><span style=\"color: #ffffff;\">Procedimiento Para Ejercer Derechos ARCO<\/span><\/strong><\/h1>\t\t\t\t\t<\/div>\n\t\t\t\t\t\t<\/div>\n\t\t\t\t<\/div>\n\t\t\t\t\t\t<\/div>\n\t\t\t\t\t<\/div>\n\t\t<\/div>\n\t\t\t\t\t\t\t\t<\/div>\n\t\t\t\t\t<\/div>\n\t\t<\/section>\n\t\t\t\t<section class=\"elementor-section elementor-top-section elementor-element elementor-element-e3298d7 elementor-section-boxed elementor-section-height-default elementor-section-height-default\" data-id=\"e3298d7\" data-element_type=\"section\" data-settings=\"{&quot;background_background&quot;:&quot;classic&quot;}\">\n\t\t\t\t\t\t<div class=\"elementor-container elementor-column-gap-default\">\n\t\t\t\t\t\t\t<div class=\"elementor-row\">\n\t\t\t\t\t<div class=\"elementor-column elementor-col-33 elementor-top-column elementor-element elementor-element-7c4ce21\" data-id=\"7c4ce21\" data-element_type=\"column\">\n\t\t\t<div class=\"elementor-column-wrap\">\n\t\t\t\t\t\t\t<div class=\"elementor-widget-wrap\">\n\t\t\t\t\t\t\t\t<\/div>\n\t\t\t\t\t<\/div>\n\t\t<\/div>\n\t\t\t\t<div class=\"elementor-column elementor-col-33 elementor-top-column elementor-element elementor-element-5a6ed93\" data-id=\"5a6ed93\" data-element_type=\"column\">\n\t\t\t<div class=\"elementor-column-wrap elementor-element-populated\">\n\t\t\t\t\t\t\t<div class=\"elementor-widget-wrap\">\n\t\t\t\t\t\t<div class=\"elementor-element elementor-element-c383695 elementor-widget elementor-widget-text-editor\" data-id=\"c383695\" data-element_type=\"widget\" data-widget_type=\"text-editor.default\">\n\t\t\t\t<div class=\"elementor-widget-container\">\n\t\t\t\t\t\t\t\t<div class=\"elementor-text-editor elementor-clearfix\">\n\t\t\t\t<p style=\"text-align: center;\"><strong>Procedimiento para ejercer Derechos ARCO\u00a0de acuerdo con la Secretar\u00eda de Protecci\u00f3n de Datos Personales.<\/strong><\/p><p>Si usted desea ejercer alguno de los derechos de acceso, rectificaci\u00f3n, cancelaci\u00f3n u oposici\u00f3n de datos personales, conocidos\u00a0como derechos ARCO, es importante que tome en cuenta que el derecho a la protecci\u00f3n de datos personales es un derecho\u00a0personal\u00edsimo, por lo que s\u00f3lo usted, como titular de sus datos personales o, en su caso, su representante podr\u00e1n solicitarlo.<\/p><p>A continuaci\u00f3n le explicamos el procedimiento a seguir para la presentaci\u00f3n y atenci\u00f3n de una solicitud de ejercicio de derechos\u00a0ARCO:<\/p><p><strong>A. Requirements for filing a request for the exercise of ARCO rights.<\/strong><\/p><p>1. Presentar la solicitud ante el responsable que posee los datos personales, a trav\u00e9s de los medios y mecanismos se\u00f1alados\u00a0en el aviso de privacidad, con la siguiente informaci\u00f3n:<\/p><p>General information. Any request for the exercise of ARCO rights must contain the following information:<\/p><p>Nombre del t\u00edtular de los datos personales.<\/p><p>Documentos que acrediten la identidad del titular.<\/p><p>En su caso, nombre del representante del titular y documentos para acreditar su identidad y personalidad.<\/p><p>Domicilio o cualquier medio para recibir notificaciones.<\/p><p>Clear and precise description of the personal data you wish to rectify, cancel, or oppose to its processing.<\/p><p>Description of the right to be exercised or what the data subject is requesting.<\/p><p>En su caso, documentos o informaci\u00f3n que faciliten la localizaci\u00f3n de los datos personales, entre ella, el \u00e1rea\u00a0responsable del tratamiento.<\/p><p>Informaci\u00f3n espec\u00edfica. Adem\u00e1s de la informaci\u00f3n general antes se\u00f1alada, dependiendo del derecho que desee ejercer, deber\u00e1\u00a0incluir la siguiente informaci\u00f3n en la solicitud:<\/p><p>Right of ACCESS: the modality in which you prefer that the personal data requested be reproduced.<\/p><p>Derecho de RECTIFICACI\u00d3N: las modificaciones que solicita que se realicen a los datos personales, as\u00ed como aportar\u00a0los documentos que sustenten la solicitud.<\/p><p>Derecho de CANCELACI\u00d3N: las causas que motivan la petici\u00f3n de que se eliminen los datos de los archivos, registros\u00a0o bases de datos del responsable del tratamiento.<\/p><p>Derecho de OPOSICI\u00d3N: las causas o la situaci\u00f3n que lo llevan a solicitar que finalice el tratamiento de sus datos\u00a0personales, as\u00ed como el da\u00f1o o perjuicio que le causar\u00eda que dicho tratamiento contin\u00fae; o bien, deber\u00e1 indicar las\u00a0finalidades espec\u00edficas respecto de las cuales desea ejercer este derecho.<\/p><p>Es importante que tome en cuenta que si la solicitud no cuenta con la informaci\u00f3n antes descrita, el responsable podr\u00e1 solicitar\u00a0la informaci\u00f3n faltante por medio de una PREVENCI\u00d3N, la cual se deber\u00e1 emitir en un plazo m\u00e1ximo de 5 d\u00edas h\u00e1biles contados\u00a0a partir del d\u00eda siguiente de la presentaci\u00f3n de la solicitud, y usted tendr\u00e1 10 d\u00edas h\u00e1biles, despu\u00e9s de recibir la prevenci\u00f3n, para\u00a0proporcionar la informaci\u00f3n requerida, pues de lo contrario se tendr\u00e1 como no presentada su solicitud.<\/p><p>When submitting your request, the person in charge must provide you with an ACKNOWLEDGMENT stating the date of receipt of the request.<\/p><p>2. Acreditar la identidad del titular y, en su caso, la de su representante, as\u00ed como la personalidad de este \u00faltimo.<\/p><p>La solicitud se deber\u00e1 acompa\u00f1ar de copia simple de una identificaci\u00f3n oficial de usted como titular de los datos personales,\u00a0as\u00ed como de su representante, en caso de que \u00e9ste sea quien presente la solicitud.<\/p><p>Entre las identificaciones oficiales v\u00e1lidas se encuentran: credencial para votar, pasaporte, cartilla militar, c\u00e9dula profesional,\u00a0licencia para conducir y documento migratorio.<\/p><p>La identidad de los menores de edad se podr\u00e1 acreditar mediante su acta de nacimiento, Clave \u00danica de Registro de Poblaci\u00f3n,\u00a0credenciales expedidas por instituciones educativas o instituciones de seguridad social, pasaporte, o cualquier otro documento\u00a0oficial utilizado para tal fin.<\/p><p>La identidad de personas en estado de interdicci\u00f3n o incapacidad declarada por ley se podr\u00e1 acreditar mediante su acta de\u00a0nacimiento, Clave \u00danica de Registro de Poblaci\u00f3n, pasaporte o cualquier otro documento o identificaci\u00f3n oficial expedida para\u00a0tal fin.<\/p><p>La personalidad de su representante, en su caso, se podr\u00e1 acreditar de la siguiente forma:<\/p><p>Si el representante es persona f\u00edsica, se podr\u00e1 elegir cualquiera de las siguientes tres opciones: 1) la presentaci\u00f3n de\u00a0una carta poder simple suscrita ante dos testigos, anexando copia simple de sus identificaciones oficiales;\u00a02) mediante\u00a0instrumento p\u00fablico (documento suscrito por un Notario P\u00fablico), o 3) acudiendo usted y su representante a declarar\u00a0en comparecencia ante el responsable.<\/p><p>La personalidad de un representante persona moral, s\u00f3lo se podr\u00e1 acreditar mediante instrumento p\u00fablico.<\/p><p>Es importante tener en cuenta que la identidad del titular y su representante, as\u00ed como la personalidad de este \u00faltimo, deber\u00e1n\u00a0quedar debidamente acreditadas previo al ejercicio del derecho de que se trate, en caso de que resulte procedente, mediante\u00a0la presentaci\u00f3n de los documentos originales antes se\u00f1alados o copia certificada de los mismos, para su cotejo.<\/p><p>3. Tomar en cuenta las siguientes reglas de representaci\u00f3n en caso de solicitudes relacionadas con datos personales de\u00a0menores de edad, personas en estado de interdicci\u00f3n o incapacidad declarada por ley, o fallecidas.<\/p><p>Para el ejercicio de derechos ARCO de este grupo de titulares, adem\u00e1s de la presentaci\u00f3n de la solicitud con la informaci\u00f3n\u00a0descrita en el requisito 1, se deber\u00e1n aportar los siguientes documentos, seg\u00fan sea el caso:<\/p><p>Para solicitudes de ejercicio de derechos ARCO de datos personales de menores de edad:<\/p><p>Si los padres ejercen la patria potestad y son los que presenten la solicitud:<\/p><p>Documento que acredite la identidad de menor.<\/p><p>Acta de nacimiento del menor.<\/p><p>Identificaci\u00f3n oficial del padre o de la madre, que pretenda ejercer el derecho.<\/p><p>Carta en la que se manifieste, bajo protesta de decir verdad, que el padre o la madre es quien ejerce la patria potestad\u00a0del menor, y que no se encuentra dentro de alguno de los supuestos legales de suspensi\u00f3n o limitaci\u00f3n de la patria\u00a0potestad.<\/p><p>Si una persona distinta a los padres es quien ejerce la patria potestad, y es quien presenta la solicitud:<\/p><p>Documento que acredite la identidad de menor.<\/p><p>Acta de nacimiento del menor.<\/p><p>Documento legal que acredite la posesi\u00f3n de la patria potestad.<\/p><p>Identificaci\u00f3n oficial de quien presenta la solicitud y posee la patria potestad.<\/p><p>Carta en la que se manifieste, bajo protesta de decir verdad, que ejerce la patria potestad del menor, y que no se\u00a0encuentra dentro de alguno de los supuestos legales de suspensi\u00f3n o limitaci\u00f3n de la patria potestad.<\/p><p>Cuando un tutor es quien ejerce la patria potestad:<\/p><p>Documento que acredite la identidad de menor.<\/p><p>Acta de nacimiento del menor.<\/p><p>Documento legal que acredite la tutela.<\/p><p>Identificaci\u00f3n oficial del tutor.<\/p><p>Carta en la que se manifieste, bajo protesta de decir verdad, que ejerce la tutela del menor, y que no se encuentra\u00a0dentro de alguno de los supuestos legales de suspensi\u00f3n o limitaci\u00f3n de la tutela.<\/p><p>Para solicitudes de derechos ARCO de datos personales de personas en estado de interdicci\u00f3n o incapacidad legal:<\/p><p>\u2022\u00a0\u00a0\u00a0\u00a0\u00a0\u00a0\u00a0\u00a0\u00a0 Document proving the identity of the data subject of the personal data.<\/p><p>Instrumento legal de designaci\u00f3n del tutor.<\/p><p>Identificaci\u00f3n oficial del tutor.<\/p><p>Carta en la que se manifieste, bajo protesta de decir verdad, que ejerce la tutela, y que no se encuentra dentro de lo\u00a0alguno de los supuestos legales de suspensi\u00f3n o limitaci\u00f3n de la misma.<\/p><p>Para solicitudes de derechos ARCO de datos personales de personas fallecidas:<\/p><p>\u2022\u00a0\u00a0\u00a0\u00a0\u00a0\u00a0\u00a0\u00a0\u00a0 Official identification of the person to whom the personal data belonged.<\/p><p>Acta de defunci\u00f3n correspondiente.<\/p><p>Documento(s) que acrediten el inter\u00e9s jur\u00eddico de quien presenta la solicitud; aqu\u00e9l donde el titular de los datos\u00a0personales hubiere expresado fehacientemente su voluntad de que esta persona ejerza los derechos ARCO con\u00a0relaci\u00f3n a sus datos personales, o el mandato judicial que en su caso exista para dicho efecto.<\/p><p>Documento de identificaci\u00f3n oficial de quien presenta la solicitud.<\/p><p>Se entender\u00e1 por inter\u00e9s jur\u00eddico aquel derecho subjetivo derivado de una ley que permite a una persona actuar a nombre de\u00a0otra que por su situaci\u00f3n le es imposible. Ello, a efecto de solicitar el ejercicio efectivo de los derechos ARCO.<\/p><p>Quienes pueden alegarlo son, de manera enunciativa mas no limitativa: el albacea, los herederos, los legatarios o cualquier<\/p><p>persona que haya sido designada previamente por el titular para ejercer los derechos ARCO en su nombre, lo que se acreditar\u00e1\u00a0con copia simple del documento delegatorio, pasado ante la fe de notario p\u00fablico o suscrito ante dos testigos.<\/p><p>En el supuesto de que el titular sea un menor de edad, el inter\u00e9s jur\u00eddico se acreditar\u00e1 con la copia del acta de defunci\u00f3n, de\u00a0las identificaciones del menor y de quien ejerc\u00eda la patria potestad y\/o tutela, as\u00ed como una carta en la que el requirente\u00a0manifieste, bajo protesta de decir verdad, que no se encontraba dentro de alguno de los supuestos legales de suspensi\u00f3n o\u00a0limitaci\u00f3n de la misma.<\/p><p>En el supuesto de que el titular sea una persona en estado de interdicci\u00f3n o incapacidad declarada por ley o por autoridad\u00a0judicial, el inter\u00e9s jur\u00eddico se acreditar\u00e1 con la copia de su acta de defunci\u00f3n, el documento de su identificaci\u00f3n oficial y de\u00a0quien ejerc\u00eda la tutela, el instrumento legal de designaci\u00f3n del tutor, as\u00ed como carta en la que se manifieste, bajo protesta de\u00a0decir verdad, que ejerce la tutela, y que no se encuentra dentro de lo alguno de los supuestos legales de suspensi\u00f3n o limitaci\u00f3n\u00a0de la misma.<\/p><p>En ambos supuestos, se deber\u00e1 acompa\u00f1ar una carta en la cual se expresen los motivos por los cuales solicita el acceso,\u00a0rectificaci\u00f3n, cancelaci\u00f3n u oposici\u00f3n de los datos de la persona fallecida.<\/p><p>B. Deadlines and procedure for handling requests for the exercise of ARCO rights<\/p><p>Una vez que se present\u00f3 la solicitud y que \u00e9sta cumpli\u00f3 con los requisitos antes descritos, el sujeto obligado ante el cual se\u00a0present\u00f3 deber\u00e1 realizar lo siguiente:<\/p><p>En un plazo de 20 d\u00edas h\u00e1biles, contados a partir del d\u00eda siguiente a la recepci\u00f3n de la solicitud, deber\u00e1 informarle si\u00a0procede o no el ejercicio del derecho solicitado.<\/p><p>En caso de que haya procedido el ejercicio del derecho, deber\u00e1 llevar a cabo las acciones necesarias para hacerlo\u00a0efectivo, en un plazo de 15 d\u00edas h\u00e1biles, contados a partir del d\u00eda siguiente en el que le haya notificado la respuesta\u00a0anterior.<\/p><p>The aforementioned terms may be extended for an equal period of time, when justified and informed accordingly.<\/p><p>Aunque no proceda el ejercicio del derecho solicitado, el sujeto obligado deber\u00e1 responder la solicitud, explicando las causas\u00a0de la improcedencia respectiva, en el plazo de 20 d\u00edas h\u00e1biles antes se\u00f1alado.<\/p><p>El ejercicio de los derechos ARCO es GRATUITO, y s\u00f3lo podr\u00e1n realizarse cobros para recuperar los costos de reproducci\u00f3n,\u00a0certificaci\u00f3n o env\u00edo de informaci\u00f3n, bajo las siguientes reglas:<\/p><p>Cuando el titular proporcione un medio magn\u00e9tico, electr\u00f3nico o el mecanismo necesario para la reproducci\u00f3n de los\u00a0datos personales (ej: USB o CD), \u00e9stos deber\u00e1n ser entregados sin costo.<\/p><p>La informaci\u00f3n deber\u00e1 ser entregada sin costo cuando implique la entrega de no m\u00e1s de 20 hojas simples.<\/p><p>Por \u00faltimo, si la normatividad aplicable al tratamiento de datos personales en cuesti\u00f3n, establece un tr\u00e1mite o procedimiento\u00a0espec\u00edfico para el ejercicio de los derechos ARCO, el sujeto obligado le deber\u00e1 informar la existencia de dicho tr\u00e1mite o\u00a0procedimiento en un plazo m\u00e1ximo de 5 d\u00edas h\u00e1biles, contados a partir del d\u00eda siguiente de la presentaci\u00f3n de la solicitud, a fin\u00a0de que usted decida si presentar\u00e1 su solicitud de acuerdo con el tr\u00e1mite espec\u00edfico o con base en el procedimiento aqu\u00ed\u00a0descrito.<\/p>\t\t\t\t\t<\/div>\n\t\t\t\t\t\t<\/div>\n\t\t\t\t<\/div>\n\t\t\t\t\t\t<\/div>\n\t\t\t\t\t<\/div>\n\t\t<\/div>\n\t\t\t\t<div class=\"elementor-column elementor-col-33 elementor-top-column elementor-element elementor-element-f4c36f6\" data-id=\"f4c36f6\" data-element_type=\"column\">\n\t\t\t<div class=\"elementor-column-wrap\">\n\t\t\t\t\t\t\t<div class=\"elementor-widget-wrap\">\n\t\t\t\t\t\t\t\t<\/div>\n\t\t\t\t\t<\/div>\n\t\t<\/div>\n\t\t\t\t\t\t\t\t<\/div>\n\t\t\t\t\t<\/div>\n\t\t<\/section>\n\t\t\t\t\t\t\t\t\t<\/div>\n\t\t\t<\/div>\n\t\t\t\t\t<\/div>","protected":false},"excerpt":{"rendered":"<p>Procedimiento Para Ejercer Derechos ARCO Procedimiento para ejercer Derechos ARCO\u00a0de acuerdo con la Secretar\u00eda de Protecci\u00f3n de Datos Personales. Si usted desea ejercer alguno de los derechos de acceso, rectificaci\u00f3n, cancelaci\u00f3n u oposici\u00f3n de datos personales, conocidos\u00a0como derechos ARCO, es importante que tome en cuenta que el derecho a la protecci\u00f3n de datos personales es [&hellip;]<\/p>","protected":false},"author":2,"featured_media":0,"parent":0,"menu_order":0,"comment_status":"closed","ping_status":"closed","template":"full-width-page-template.php","meta":{"_acf_changed":false,"content-type":"","footnotes":""},"class_list":["post-2378","page","type-page","status-publish","hentry"],"acf":[],"yoast_head":"<!-- This site is optimized with the Yoast SEO plugin v14.4.1 - https:\/\/yoast.com\/wordpress\/plugins\/seo\/ -->\n<title>Derechos ARCO - Intelab<\/title>\n<meta name=\"robots\" content=\"index, follow\" \/>\n<meta name=\"googlebot\" content=\"index, follow, max-snippet:-1, max-image-preview:large, max-video-preview:-1\" \/>\n<meta name=\"bingbot\" content=\"index, follow, max-snippet:-1, max-image-preview:large, max-video-preview:-1\" \/>\n<link rel=\"canonical\" href=\"http:\/\/www.intelab.com.mx\/en\/derechos-arco\/\" \/>\n<meta property=\"og:locale\" content=\"en_US\" \/>\n<meta property=\"og:type\" content=\"article\" \/>\n<meta property=\"og:title\" content=\"Derechos ARCO - Intelab\" \/>\n<meta property=\"og:description\" content=\"Procedimiento Para Ejercer Derechos ARCO Procedimiento para ejercer Derechos ARCO\u00a0de acuerdo con la Secretar\u00eda de Protecci\u00f3n de Datos Personales. Si usted desea ejercer alguno de los derechos de acceso, rectificaci\u00f3n, cancelaci\u00f3n u oposici\u00f3n de datos personales, conocidos\u00a0como derechos ARCO, es importante que tome en cuenta que el derecho a la protecci\u00f3n de datos personales es [&hellip;]\" \/>\n<meta property=\"og:url\" content=\"http:\/\/www.intelab.com.mx\/en\/derechos-arco\/\" \/>\n<meta property=\"og:site_name\" content=\"Intelab\" \/>\n<meta property=\"article:publisher\" content=\"https:\/\/www.facebook.com\/profile.php?id=100064145405781\" \/>\n<meta property=\"article:modified_time\" content=\"2020-06-26T00:33:47+00:00\" \/>\n<meta name=\"twitter:card\" content=\"summary_large_image\" \/>\n<script type=\"application\/ld+json\" class=\"yoast-schema-graph\">{\"@context\":\"https:\/\/schema.org\",\"@graph\":[{\"@type\":\"Organization\",\"@id\":\"https:\/\/www.intelab.com.mx\/en\/#organization\",\"name\":\"Intelab\",\"url\":\"https:\/\/www.intelab.com.mx\/en\/\",\"sameAs\":[\"https:\/\/www.facebook.com\/profile.php?id=100064145405781\",\"https:\/\/www.linkedin.com\/company\/18606914\"],\"logo\":{\"@type\":\"ImageObject\",\"@id\":\"https:\/\/www.intelab.com.mx\/en\/#logo\",\"inLanguage\":\"en-US\",\"url\":\"https:\/\/www.intelab.com.mx\/wp-content\/uploads\/2022\/07\/logotipo-intelab.png\",\"width\":200,\"height\":60,\"caption\":\"Intelab\"},\"image\":{\"@id\":\"https:\/\/www.intelab.com.mx\/en\/#logo\"}},{\"@type\":\"WebSite\",\"@id\":\"https:\/\/www.intelab.com.mx\/en\/#website\",\"url\":\"https:\/\/www.intelab.com.mx\/en\/\",\"name\":\"Intelab\",\"description\":\"Humanizamos la gesti\\u00f3n de Capital Humano\",\"publisher\":{\"@id\":\"https:\/\/www.intelab.com.mx\/en\/#organization\"},\"potentialAction\":[{\"@type\":\"SearchAction\",\"target\":\"https:\/\/www.intelab.com.mx\/en\/?s={search_term_string}\",\"query-input\":\"required name=search_term_string\"}],\"inLanguage\":\"en-US\"},{\"@type\":\"WebPage\",\"@id\":\"http:\/\/www.intelab.com.mx\/derechos-arco\/#webpage\",\"url\":\"http:\/\/www.intelab.com.mx\/derechos-arco\/\",\"name\":\"Derechos ARCO - Intelab\",\"isPartOf\":{\"@id\":\"https:\/\/www.intelab.com.mx\/en\/#website\"},\"datePublished\":\"2020-05-06T14:04:04+00:00\",\"dateModified\":\"2020-06-26T00:33:47+00:00\",\"inLanguage\":\"en-US\",\"potentialAction\":[{\"@type\":\"ReadAction\",\"target\":[\"http:\/\/www.intelab.com.mx\/derechos-arco\/\"]}]}]}<\/script>\n<!-- \/ Yoast SEO plugin. -->","_links":{"self":[{"href":"https:\/\/www.intelab.com.mx\/en\/wp-json\/wp\/v2\/pages\/2378"}],"collection":[{"href":"https:\/\/www.intelab.com.mx\/en\/wp-json\/wp\/v2\/pages"}],"about":[{"href":"https:\/\/www.intelab.com.mx\/en\/wp-json\/wp\/v2\/types\/page"}],"author":[{"embeddable":true,"href":"https:\/\/www.intelab.com.mx\/en\/wp-json\/wp\/v2\/users\/2"}],"replies":[{"embeddable":true,"href":"https:\/\/www.intelab.com.mx\/en\/wp-json\/wp\/v2\/comments?post=2378"}],"version-history":[{"count":0,"href":"https:\/\/www.intelab.com.mx\/en\/wp-json\/wp\/v2\/pages\/2378\/revisions"}],"wp:attachment":[{"href":"https:\/\/www.intelab.com.mx\/en\/wp-json\/wp\/v2\/media?parent=2378"}],"curies":[{"name":"wp","href":"https:\/\/api.w.org\/{rel}","templated":true}]}}